{"id":87,"date":"2021-07-03T15:17:42","date_gmt":"2021-07-03T18:17:42","guid":{"rendered":"http:\/\/labvirtus.com.br\/labvsite\/?page_id=87"},"modified":"2021-07-03T16:05:31","modified_gmt":"2021-07-03T19:05:31","slug":"praticando-tendencias-do-seculo-xxi-wcd","status":"publish","type":"page","link":"http:\/\/labvirtus.com.br\/labvsite\/?page_id=87","title":{"rendered":"Praticando Tend\u00eancias do S\u00e9culo XXI \u2013 WCD"},"content":{"rendered":"\n<figure class=\"wp-block-image\"><a href=\"http:\/\/paulotrindadecoa1.hospedagemdesites.ws\/blog\/2020\/04\/23\/praticando-tendencias-do-sec-xxi-no-world-criativity-day-wcd-2020\/\"><img src=\"http:\/\/paulotrindadecoa1.hospedagemdesites.ws\/blog\/wp-content\/uploads\/2020\/04\/Paulo-WCD-Original-700x555.jpeg\" alt=\"\"\/><\/a><\/figure>\n\n\n\n<p><em>(*) Curadoria<\/em><\/p>\n\n\n\n<p>O s\u00e9culo XXI est\u00e1 repleto de mudan\u00e7as na sociedade, nas culturas e na hist\u00f3ria, motivado em grande parte pelas disrup\u00e7\u00f5es no campo das tecnologias de inova\u00e7\u00e3o e comunica\u00e7\u00e3o. Por que acontece isso? O que se esperar, pensar e fazer em meio aos desafios nestes tempos de novas adapta\u00e7\u00f5es. Naturalmente, que estas mudan\u00e7as no cen\u00e1rio causadas pela pandemia do coronavirus s\u00e3o o fator desencadeador do maior colapso que a sociedade passa nos \u00faltimos 100 ou 150 anos.<\/p>\n\n\n\n<p>O \u201cPraticando Tend\u00eancias do S\u00e9c. XXI\u201d, foi um tema apresentado no <em>\u201cWord Criativity Day \u2013 WCD \u2013 2020\u201d, <\/em>nos dias 21\/04 e 22\/04, deste m\u00eas de Abril. Em meio a quarentena, o evento originalmente previsto para ser realizado presencialmente, em fun\u00e7\u00e3o do isolamento social e da quarentena, foi realizado pela primeira vez numa vers\u00e3o on line. Esta edi\u00e7\u00e3o contou com mais de 1000 \u201cCriativistas\u201d, de mais de 111 cidades, de mais de 40 pa\u00edses.<\/p>\n\n\n\n<p>A atividade foi desenvolvida por Paulo Trindade, que escolheu apresentar um v\u00eddeo sobre o tema e projeto. Basicamente o praticando o tend\u00eancias se refere de de um lado ao aporte conceitual contextualiza\u00e7\u00e3o da chamada sociedade virtual, que interage no <em>ciberespa\u00e7o<\/em>, desenvolvendo uma<em> cibercultura<\/em>, se conectando por <em>infovias. <\/em>Estas ideias, foram originalmente apresentadas pelo fil\u00f3sofo franc\u00eas <em>Pierre Levy,<\/em> ainda nos anos 90 do S\u00e9c. 20.<em> As ideias<\/em> de pensadores como <em>Castells<\/em> e <em>Jack Deloors,<\/em> s\u00e3o contextualizadas tamb\u00e9m nos conte\u00fados da apresenta\u00e7\u00e3o.<\/p>\n\n\n\n<p>A contribui\u00e7\u00e3o de valor desta atividade, est\u00e1 em sugerir a reflex\u00e3o frente as mudan\u00e7as que o mundo pede que as sociedades necessitam rever. A apresenta\u00e7\u00e3o foi parte de um curso que \u00e9 ministrado pelo mentor, <em>coach<\/em> e professor, Paulo Trindade, que desenvolve este curso no formato digital, <em>on line,<\/em> no ambiente virtual da plataforma beta do LabVirtus, um ecossistema vocacionado para cultura educacional tamb\u00e9m coordenado pelo professor, que tem mestrado com pesquisa multim\u00eddia, a partir da cidade de Bras\u00edlia.<\/p>\n\n\n\n<div class=\"wp-block-buttons is-content-justification-center\">\n<div class=\"wp-block-button\"><a class=\"wp-block-button__link has-luminous-vivid-amber-color has-text-color has-background\" style=\"background-color:#00193d\" target=\"_blank\" rel=\"https:\/\/www.worldcreativityday.com\/brazil\/brasilia\/activities\/praticando-tendencias-do-seculo-xxi noopener\">Participe<\/a><\/div>\n<\/div>\n\n\n\n<p><\/p>\n","protected":false},"excerpt":{"rendered":"<p>(*) Curadoria O s\u00e9culo XXI est\u00e1 repleto de mudan\u00e7as na sociedade, nas culturas e na hist\u00f3ria, motivado em grande parte pelas disrup\u00e7\u00f5es no campo das tecnologias de inova\u00e7\u00e3o e comunica\u00e7\u00e3o. Por que acontece isso? O que se esperar, pensar e [&hellip;]<\/p>\n","protected":false},"author":1,"featured_media":0,"parent":33,"menu_order":1,"comment_status":"closed","ping_status":"closed","template":"","meta":[],"_links":{"self":[{"href":"http:\/\/labvirtus.com.br\/labvsite\/index.php?rest_route=\/wp\/v2\/pages\/87"}],"collection":[{"href":"http:\/\/labvirtus.com.br\/labvsite\/index.php?rest_route=\/wp\/v2\/pages"}],"about":[{"href":"http:\/\/labvirtus.com.br\/labvsite\/index.php?rest_route=\/wp\/v2\/types\/page"}],"author":[{"embeddable":true,"href":"http:\/\/labvirtus.com.br\/labvsite\/index.php?rest_route=\/wp\/v2\/users\/1"}],"replies":[{"embeddable":true,"href":"http:\/\/labvirtus.com.br\/labvsite\/index.php?rest_route=%2Fwp%2Fv2%2Fcomments&post=87"}],"version-history":[{"count":3,"href":"http:\/\/labvirtus.com.br\/labvsite\/index.php?rest_route=\/wp\/v2\/pages\/87\/revisions"}],"predecessor-version":[{"id":135,"href":"http:\/\/labvirtus.com.br\/labvsite\/index.php?rest_route=\/wp\/v2\/pages\/87\/revisions\/135"}],"up":[{"embeddable":true,"href":"http:\/\/labvirtus.com.br\/labvsite\/index.php?rest_route=\/wp\/v2\/pages\/33"}],"wp:attachment":[{"href":"http:\/\/labvirtus.com.br\/labvsite\/index.php?rest_route=%2Fwp%2Fv2%2Fmedia&parent=87"}],"curies":[{"name":"wp","href":"https:\/\/api.w.org\/{rel}","templated":true}]}}