{"id":85,"date":"2021-07-03T15:05:03","date_gmt":"2021-07-03T18:05:03","guid":{"rendered":"http:\/\/labvirtus.com.br\/labvsite\/?page_id=85"},"modified":"2021-09-16T21:57:42","modified_gmt":"2021-09-17T00:57:42","slug":"o-bening-tao-em-tempo-de-pandemia","status":"publish","type":"page","link":"http:\/\/labvirtus.com.br\/labvsite\/?page_id=85","title":{"rendered":"O Bening Tao em tempo de pandemia"},"content":{"rendered":"\n<figure class=\"wp-block-embed is-type-video is-provider-youtube wp-block-embed-youtube wp-embed-aspect-16-9 wp-has-aspect-ratio\"><div class=\"wp-block-embed__wrapper\">\n<iframe loading=\"lazy\" title=\"Being Tao em Tempos de Pandemia Parte # 3 Algumas Contribui\u00e7\u00f5es e benef\u00edcios\" width=\"640\" height=\"360\" src=\"https:\/\/www.youtube.com\/embed\/z-891EGg0tM?feature=oembed\" frameborder=\"0\" allow=\"accelerometer; autoplay; clipboard-write; encrypted-media; gyroscope; picture-in-picture\" allowfullscreen><\/iframe>\n<\/div><\/figure>\n\n\n\n<p>&#8220;Being Tao em tempos de Pandemia&#8221; foi apresentado na Semana Virtual da Associa\u00e7\u00e3o Being Tao &#8211; 46 anos do Tai chi Chuan na Pra\u00e7a da Harmonia Universal &#8211; PHU. O evento aconteceu na semana de 21\/10 a 27\/10 de 2020 e foi oferecido gratuitamente em toda sua programa\u00e7\u00e3o.<\/p>\n\n\n\n<div class=\"wp-block-buttons is-content-justification-center\">\n<div class=\"wp-block-button\"><a class=\"wp-block-button__link has-luminous-vivid-amber-color has-text-color has-background\" href=\"https:\/\/www.youtube.com\/c\/PracadaHarmoniaUniversal\/search?query=Paulo%20Trindade\" style=\"background-color:#00193d\" target=\"_blank\" rel=\"https:\/\/www.youtube.com\/c\/PracadaHarmoniaUniversal\/search?query=Paulo%20Trindade noopener\">Acesse o canal da PHU<\/a><\/div>\n<\/div>\n\n\n\n<p><\/p>\n","protected":false},"excerpt":{"rendered":"<p>&#8220;Being Tao em tempos de Pandemia&#8221; foi apresentado na Semana Virtual da Associa\u00e7\u00e3o Being Tao &#8211; 46 anos do Tai chi Chuan na Pra\u00e7a da Harmonia Universal &#8211; PHU. O evento aconteceu na semana de 21\/10 a 27\/10 de 2020 [&hellip;]<\/p>\n","protected":false},"author":1,"featured_media":0,"parent":33,"menu_order":0,"comment_status":"closed","ping_status":"closed","template":"","meta":[],"_links":{"self":[{"href":"http:\/\/labvirtus.com.br\/labvsite\/index.php?rest_route=\/wp\/v2\/pages\/85"}],"collection":[{"href":"http:\/\/labvirtus.com.br\/labvsite\/index.php?rest_route=\/wp\/v2\/pages"}],"about":[{"href":"http:\/\/labvirtus.com.br\/labvsite\/index.php?rest_route=\/wp\/v2\/types\/page"}],"author":[{"embeddable":true,"href":"http:\/\/labvirtus.com.br\/labvsite\/index.php?rest_route=\/wp\/v2\/users\/1"}],"replies":[{"embeddable":true,"href":"http:\/\/labvirtus.com.br\/labvsite\/index.php?rest_route=%2Fwp%2Fv2%2Fcomments&post=85"}],"version-history":[{"count":3,"href":"http:\/\/labvirtus.com.br\/labvsite\/index.php?rest_route=\/wp\/v2\/pages\/85\/revisions"}],"predecessor-version":[{"id":133,"href":"http:\/\/labvirtus.com.br\/labvsite\/index.php?rest_route=\/wp\/v2\/pages\/85\/revisions\/133"}],"up":[{"embeddable":true,"href":"http:\/\/labvirtus.com.br\/labvsite\/index.php?rest_route=\/wp\/v2\/pages\/33"}],"wp:attachment":[{"href":"http:\/\/labvirtus.com.br\/labvsite\/index.php?rest_route=%2Fwp%2Fv2%2Fmedia&parent=85"}],"curies":[{"name":"wp","href":"https:\/\/api.w.org\/{rel}","templated":true}]}}