{"id":75,"date":"2021-07-03T14:47:24","date_gmt":"2021-07-03T17:47:24","guid":{"rendered":"https:\/\/labvirtus.com.br\/labvsite\/?page_id=75"},"modified":"2021-07-03T14:49:25","modified_gmt":"2021-07-03T17:49:25","slug":"cursos","status":"publish","type":"page","link":"http:\/\/labvirtus.com.br\/labvsite\/?page_id=75","title":{"rendered":"Cursos"},"content":{"rendered":"\n<p class=\"has-text-align-center\">Veja os cursos que estamos oferecendo no momento:<\/p>\n\n\n\n<figure class=\"wp-block-table\"><table><tbody><tr><td class=\"has-text-align-center\" data-align=\"center\">Praticando Tend\u00eancias do S\u00e9culo XXI<\/td><\/tr><tr><td class=\"has-text-align-center\" data-align=\"center\">Praticando Tend\u00eancias do S\u00e9culo XXI &#8211; turma 2<\/td><\/tr><\/tbody><\/table><\/figure>\n\n\n\n<p><\/p>\n","protected":false},"excerpt":{"rendered":"<p>Veja os cursos que estamos oferecendo no momento: Praticando Tend\u00eancias do S\u00e9culo XXI Praticando Tend\u00eancias do S\u00e9culo XXI &#8211; turma 2<\/p>\n","protected":false},"author":1,"featured_media":0,"parent":43,"menu_order":6,"comment_status":"closed","ping_status":"closed","template":"","meta":[],"_links":{"self":[{"href":"http:\/\/labvirtus.com.br\/labvsite\/index.php?rest_route=\/wp\/v2\/pages\/75"}],"collection":[{"href":"http:\/\/labvirtus.com.br\/labvsite\/index.php?rest_route=\/wp\/v2\/pages"}],"about":[{"href":"http:\/\/labvirtus.com.br\/labvsite\/index.php?rest_route=\/wp\/v2\/types\/page"}],"author":[{"embeddable":true,"href":"http:\/\/labvirtus.com.br\/labvsite\/index.php?rest_route=\/wp\/v2\/users\/1"}],"replies":[{"embeddable":true,"href":"http:\/\/labvirtus.com.br\/labvsite\/index.php?rest_route=%2Fwp%2Fv2%2Fcomments&post=75"}],"version-history":[{"count":1,"href":"http:\/\/labvirtus.com.br\/labvsite\/index.php?rest_route=\/wp\/v2\/pages\/75\/revisions"}],"predecessor-version":[{"id":79,"href":"http:\/\/labvirtus.com.br\/labvsite\/index.php?rest_route=\/wp\/v2\/pages\/75\/revisions\/79"}],"up":[{"embeddable":true,"href":"http:\/\/labvirtus.com.br\/labvsite\/index.php?rest_route=\/wp\/v2\/pages\/43"}],"wp:attachment":[{"href":"http:\/\/labvirtus.com.br\/labvsite\/index.php?rest_route=%2Fwp%2Fv2%2Fmedia&parent=75"}],"curies":[{"name":"wp","href":"https:\/\/api.w.org\/{rel}","templated":true}]}}