{"id":38,"date":"2021-07-03T02:46:54","date_gmt":"2021-07-03T05:46:54","guid":{"rendered":"http:\/\/labvirtus.com.br\/labvsite\/?page_id=38"},"modified":"2021-07-03T15:19:10","modified_gmt":"2021-07-03T18:19:10","slug":"praticando-tendencias-do-seculo-xxi","status":"publish","type":"page","link":"http:\/\/labvirtus.com.br\/labvsite\/?page_id=38","title":{"rendered":"Praticando Tend\u00eancias do S\u00e9culo XXI &#8211; Turma 1"},"content":{"rendered":"\n<figure class=\"wp-block-embed is-type-video is-provider-youtube wp-block-embed-youtube wp-embed-aspect-16-9 wp-has-aspect-ratio\"><div class=\"wp-block-embed__wrapper\">\n<iframe loading=\"lazy\" title=\"Praticando Tend\u00eancias do S\u00e9culo XXI\" width=\"640\" height=\"360\" src=\"https:\/\/www.youtube.com\/embed\/5zuhixXekmc?feature=oembed\" frameborder=\"0\" allow=\"accelerometer; autoplay; clipboard-write; encrypted-media; gyroscope; picture-in-picture\" allowfullscreen><\/iframe>\n<\/div><\/figure>\n\n\n\n<p>O s\u00e9culo XXI est\u00e1 repleto de mudan\u00e7as na sociedade, nas culturas e na hist\u00f3ria, motivado em grande parte pelas disrup\u00e7\u00f5es no campo das tecnologias de inova\u00e7\u00e3o e comunica\u00e7\u00e3o. Por que acontece isso? O que se esperar, pensar e fazer em meio aos desafios nestes tempos de novas adapta\u00e7\u00f5es. Saiba mais detalhes sobre este contexto num bate-papo com o Mentor, Coach e Professor, Paulo Trindade.<\/p>\n","protected":false},"excerpt":{"rendered":"<p>O s\u00e9culo XXI est\u00e1 repleto de mudan\u00e7as na sociedade, nas culturas e na hist\u00f3ria, motivado em grande parte pelas disrup\u00e7\u00f5es no campo das tecnologias de inova\u00e7\u00e3o e comunica\u00e7\u00e3o. Por que acontece isso? O que se esperar, pensar e fazer em [&hellip;]<\/p>\n","protected":false},"author":1,"featured_media":0,"parent":33,"menu_order":3,"comment_status":"closed","ping_status":"closed","template":"","meta":[],"_links":{"self":[{"href":"http:\/\/labvirtus.com.br\/labvsite\/index.php?rest_route=\/wp\/v2\/pages\/38"}],"collection":[{"href":"http:\/\/labvirtus.com.br\/labvsite\/index.php?rest_route=\/wp\/v2\/pages"}],"about":[{"href":"http:\/\/labvirtus.com.br\/labvsite\/index.php?rest_route=\/wp\/v2\/types\/page"}],"author":[{"embeddable":true,"href":"http:\/\/labvirtus.com.br\/labvsite\/index.php?rest_route=\/wp\/v2\/users\/1"}],"replies":[{"embeddable":true,"href":"http:\/\/labvirtus.com.br\/labvsite\/index.php?rest_route=%2Fwp%2Fv2%2Fcomments&post=38"}],"version-history":[{"count":3,"href":"http:\/\/labvirtus.com.br\/labvsite\/index.php?rest_route=\/wp\/v2\/pages\/38\/revisions"}],"predecessor-version":[{"id":95,"href":"http:\/\/labvirtus.com.br\/labvsite\/index.php?rest_route=\/wp\/v2\/pages\/38\/revisions\/95"}],"up":[{"embeddable":true,"href":"http:\/\/labvirtus.com.br\/labvsite\/index.php?rest_route=\/wp\/v2\/pages\/33"}],"wp:attachment":[{"href":"http:\/\/labvirtus.com.br\/labvsite\/index.php?rest_route=%2Fwp%2Fv2%2Fmedia&parent=38"}],"curies":[{"name":"wp","href":"https:\/\/api.w.org\/{rel}","templated":true}]}}