{"id":3,"date":"2021-07-02T23:46:17","date_gmt":"2021-07-03T02:46:17","guid":{"rendered":"http:\/\/labvirtus.com.br\/labvsite\/?page_id=3"},"modified":"2021-07-03T15:40:47","modified_gmt":"2021-07-03T18:40:47","slug":"sobre","status":"publish","type":"page","link":"http:\/\/labvirtus.com.br\/labvsite\/","title":{"rendered":"SOBRE"},"content":{"rendered":"\n<div class=\"wp-block-nextend-smartslider3\"><\/div>\n\n\n\n<h2>Sobre<\/h2>\n\n\n\n<figure class=\"wp-block-video\"><video controls src=\"http:\/\/labvirtus.com.br\/labvsite\/wp-content\/uploads\/2021\/07\/labvirtus3.mp4\"><\/video><\/figure>\n\n\n\n<h5 class=\"has-text-align-center\">\u201cOnde eu estou, eu crio, eu inovo, eu transformo.\u201d<\/h5>\n\n\n\n<p>O LabVirtus \u00e9 um ecossistema com o objetivo de proporcionar \u00e0 sua comunidade uma maneira de enxergar a vida, numa jornada que permita o encontro consigo, suas viv\u00eancias, repletas de realiza\u00e7\u00f5es, que tamb\u00e9m permitam alcan\u00e7ar objetivos tang\u00edveis, alcan\u00e7\u00e1veis, e al\u00e9m.&nbsp;&nbsp;<\/p>\n\n\n\n<p>Estamos comprometidos em lidar com pessoas e situa\u00e7\u00f5es numa perspectiva pedag\u00f3gica alternativa, promovendo o bem viver, e uma ressignifica\u00e7\u00e3o de vida quando necess\u00e1rio, aprecia\u00e7\u00e3o de realidades profissionais tradicionais, atuais e futuras. Isto se d\u00e1 em fun\u00e7\u00e3o da necessidade de aprendermos a aprender, a ser, viver e conviver num mundo melhor, adaptado com novas realidades de educa\u00e7\u00e3o 3.0, da ind\u00fastria 4.0 e da tecnologia 5.0, numa sociedade 5.0.<\/p>\n","protected":false},"excerpt":{"rendered":"<p>Sobre \u201cOnde eu estou, eu crio, eu inovo, eu transformo.\u201d O LabVirtus \u00e9 um ecossistema com o objetivo de proporcionar \u00e0 sua comunidade uma maneira de enxergar a vida, numa jornada que permita o encontro consigo, suas viv\u00eancias, repletas de [&hellip;]<\/p>\n","protected":false},"author":1,"featured_media":0,"parent":0,"menu_order":1,"comment_status":"closed","ping_status":"closed","template":"","meta":[],"_links":{"self":[{"href":"http:\/\/labvirtus.com.br\/labvsite\/index.php?rest_route=\/wp\/v2\/pages\/3"}],"collection":[{"href":"http:\/\/labvirtus.com.br\/labvsite\/index.php?rest_route=\/wp\/v2\/pages"}],"about":[{"href":"http:\/\/labvirtus.com.br\/labvsite\/index.php?rest_route=\/wp\/v2\/types\/page"}],"author":[{"embeddable":true,"href":"http:\/\/labvirtus.com.br\/labvsite\/index.php?rest_route=\/wp\/v2\/users\/1"}],"replies":[{"embeddable":true,"href":"http:\/\/labvirtus.com.br\/labvsite\/index.php?rest_route=%2Fwp%2Fv2%2Fcomments&post=3"}],"version-history":[{"count":4,"href":"http:\/\/labvirtus.com.br\/labvsite\/index.php?rest_route=\/wp\/v2\/pages\/3\/revisions"}],"predecessor-version":[{"id":103,"href":"http:\/\/labvirtus.com.br\/labvsite\/index.php?rest_route=\/wp\/v2\/pages\/3\/revisions\/103"}],"wp:attachment":[{"href":"http:\/\/labvirtus.com.br\/labvsite\/index.php?rest_route=%2Fwp%2Fv2%2Fmedia&parent=3"}],"curies":[{"name":"wp","href":"https:\/\/api.w.org\/{rel}","templated":true}]}}